{"id":23,"date":"2022-08-18T01:26:39","date_gmt":"2022-08-17T23:26:39","guid":{"rendered":"https:\/\/apotheken-coupons.de\/?page_id=23"},"modified":"2023-05-24T20:35:34","modified_gmt":"2023-05-24T18:35:34","slug":"home","status":"publish","type":"page","link":"https:\/\/apotheken-coupons.de\/de\/","title":{"rendered":"Home"},"content":{"rendered":"<p><div class=\"fusion-fullwidth fullwidth-box fusion-builder-row-1 fusion-flex-container has-pattern-background has-mask-background nonhundred-percent-fullwidth non-hundred-percent-height-scrolling\" style=\"--awb-border-radius-top-left:0px;--awb-border-radius-top-right:0px;--awb-border-radius-bottom-right:0px;--awb-border-radius-bottom-left:0px;--awb-flex-wrap:wrap;\" ><div class=\"fusion-builder-row fusion-row fusion-flex-align-items-flex-start fusion-flex-content-wrap\" style=\"max-width:1248px;margin-left: calc(-4% \/ 2 );margin-right: calc(-4% \/ 2 );\"><div class=\"fusion-layout-column fusion_builder_column fusion-builder-column-0 fusion_builder_column_1_1 1_1 fusion-flex-column\" style=\"--awb-bg-color:var(--awb-color1);--awb-bg-color-hover:var(--awb-color1);--awb-bg-size:cover;--awb-border-color:var(--awb-color1);--awb-border-style:solid;--awb-width-large:100%;--awb-margin-top-large:0px;--awb-spacing-right-large:1.92%;--awb-margin-bottom-large:20px;--awb-spacing-left-large:1.92%;--awb-width-medium:100%;--awb-order-medium:0;--awb-spacing-right-medium:1.92%;--awb-spacing-left-medium:1.92%;--awb-width-small:100%;--awb-order-small:0;--awb-spacing-right-small:1.92%;--awb-spacing-left-small:1.92%;\" data-scroll-devices=\"small-visibility,medium-visibility,large-visibility\"><div class=\"fusion-column-wrapper fusion-column-has-shadow fusion-flex-justify-content-center fusion-content-layout-column\"><div class=\"fusion-title title fusion-title-1 fusion-sep-none fusion-title-text fusion-title-size-one\"><h1 class=\"fusion-title-heading title-heading-left fusion-responsive-typography-calculated\" style=\"margin:0;--fontSize:24;line-height:1.2;\"><h1>Aktuelle Online Apotheken Gutscheine im April 2026<\/h1>\n<p>Hier findest du eine Auswahl aktueller Gutscheine f\u00fcr Versandapotheken.<\/h1><\/div><div class=\"fusion-recent-posts fusion-recent-posts-1 avada-container layout-default layout-columns-5 fusion-recent-posts-center\"><section class=\"fusion-columns columns fusion-columns-5 columns-5\"><article class=\"post fusion-column column col-lg-2 col-md-2 col-sm-2\"><div class=\"fusion-flexslider fusion-flexslider-loading flexslider flexslider-hover-type-none\"><ul class=\"slides\"><li><a href=\"https:\/\/apotheken-coupons.de\/de\/wellsana-gutschein\/\" aria-label=\"WELLSANA Gutschein im April 2026\" class=\"hover-type-none\"><img decoding=\"async\" width=\"200\" height=\"100\" src=\"https:\/\/apotheken-coupons.de\/wp-content\/uploads\/2023\/05\/wellsana-logo-apotheken-coupons-200-100-new.svg\" class=\"attachment-full size-full\" alt=\"Wellsana Gesundheitsprodukte Gutschein [month] [year] | APOTHEKEN COUPONS\" \/><\/a><\/li><\/ul><\/div><div class=\"recent-posts-content\"><span class=\"vcard\" style=\"display: none;\"><span class=\"fn\"><a href=\"https:\/\/apotheken-coupons.de\/de\/author\/apothekenscout\/\" title=\"Beitr\u00e4ge von Apotheken Scout\" rel=\"author\">Apotheken Scout<\/a><\/span><\/span><span class=\"updated\" style=\"display:none;\">2023-05-24T20:31:40+02:00<\/span><h2 class=\"entry-title\"><a href=\"https:\/\/apotheken-coupons.de\/de\/wellsana-gutschein\/\">WELLSANA Gutschein im April 2026<\/a><\/h2><\/div><\/article><article class=\"post fusion-column column col-lg-2 col-md-2 col-sm-2\"><div class=\"fusion-flexslider fusion-flexslider-loading flexslider flexslider-hover-type-none\"><ul class=\"slides\"><li><a href=\"#\" aria-label=\"Medipolis Gutschein im April 2026\" class=\"hover-type-none\"><img decoding=\"async\" width=\"200\" height=\"100\" src=\"https:\/\/apotheken-coupons.de\/wp-content\/uploads\/2023\/05\/medipolis-logo-apotheken-coupons-200-100-new.svg\" class=\"attachment-full size-full\" alt=\"MEDIPOLIS Apotheke Gutschein [month] [year] | APOTHEKEN COUPONS\" \/><\/a><\/li><\/ul><\/div><div class=\"recent-posts-content\"><span class=\"vcard\" style=\"display: none;\"><span class=\"fn\"><a href=\"https:\/\/apotheken-coupons.de\/de\/author\/apothekenscout\/\" title=\"Beitr\u00e4ge von Apotheken Scout\" rel=\"author\">Apotheken Scout<\/a><\/span><\/span><span class=\"updated\" style=\"display:none;\">2023-05-24T20:30:21+02:00<\/span><h2 class=\"entry-title\"><a href=\"#\">Medipolis Gutschein im April 2026<\/a><\/h2><\/div><\/article><article class=\"post fusion-column column col-lg-2 col-md-2 col-sm-2\"><div class=\"fusion-flexslider fusion-flexslider-loading flexslider flexslider-hover-type-none\"><ul class=\"slides\"><li><a href=\"#\" aria-label=\"apo-discounter.de Gutschein im April 2026\" class=\"hover-type-none\"><img decoding=\"async\" width=\"200\" height=\"100\" src=\"https:\/\/apotheken-coupons.de\/wp-content\/uploads\/2023\/05\/apodiscounter-logo-apotheken-coupons-200-100-new.svg\" class=\"attachment-full size-full\" alt=\"apo-discounter.de Apotheke Gutschein [month] [year] | APOTHEKEN COUPONS\" \/><\/a><\/li><\/ul><\/div><div class=\"recent-posts-content\"><span class=\"vcard\" style=\"display: none;\"><span class=\"fn\"><a href=\"https:\/\/apotheken-coupons.de\/de\/author\/apothekenscout\/\" title=\"Beitr\u00e4ge von Apotheken Scout\" rel=\"author\">Apotheken Scout<\/a><\/span><\/span><span class=\"updated\" style=\"display:none;\">2023-05-24T20:27:01+02:00<\/span><h2 class=\"entry-title\"><a href=\"#\">apo-discounter.de Gutschein im April 2026<\/a><\/h2><\/div><\/article><article class=\"post fusion-column column col-lg-2 col-md-2 col-sm-2\"><div class=\"fusion-flexslider fusion-flexslider-loading flexslider flexslider-hover-type-none\"><ul class=\"slides\"><li><a href=\"#\" aria-label=\"zur Rose Gutschein im April 2026\" class=\"hover-type-none\"><img decoding=\"async\" width=\"200\" height=\"100\" src=\"https:\/\/apotheken-coupons.de\/wp-content\/uploads\/2023\/05\/zur-rose-logo-apotheken-coupons-200-100-new.svg\" class=\"attachment-full size-full\" alt=\"zur Rose Apotheke Gutschein [month] [year] | APOTHEKEN COUPONS\" \/><\/a><\/li><\/ul><\/div><div class=\"recent-posts-content\"><span class=\"vcard\" style=\"display: none;\"><span class=\"fn\"><a href=\"https:\/\/apotheken-coupons.de\/de\/author\/apothekenscout\/\" title=\"Beitr\u00e4ge von Apotheken Scout\" rel=\"author\">Apotheken Scout<\/a><\/span><\/span><span class=\"updated\" style=\"display:none;\">2023-05-24T20:26:30+02:00<\/span><h2 class=\"entry-title\"><a href=\"#\">zur Rose Gutschein im April 2026<\/a><\/h2><\/div><\/article><article class=\"post fusion-column column col-lg-2 col-md-2 col-sm-2\"><div class=\"fusion-flexslider fusion-flexslider-loading flexslider flexslider-hover-type-none\"><ul class=\"slides\"><li><a href=\"#\" aria-label=\"DocMorris Gutschein im April 2026\" class=\"hover-type-none\"><img decoding=\"async\" width=\"200\" height=\"100\" src=\"https:\/\/apotheken-coupons.de\/wp-content\/uploads\/2022\/11\/docmorris-logo-apotheken-coupons-200-100.svg\" class=\"attachment-full size-full\" alt=\"DocMorris Apotheke Gutschein [month] [year] | APOTHEKEN COUPONS\" \/><\/a><\/li><\/ul><\/div><div class=\"recent-posts-content\"><span class=\"vcard\" style=\"display: none;\"><span class=\"fn\"><a href=\"https:\/\/apotheken-coupons.de\/de\/author\/apothekenscout\/\" title=\"Beitr\u00e4ge von Apotheken Scout\" rel=\"author\">Apotheken Scout<\/a><\/span><\/span><span class=\"updated\" style=\"display:none;\">2023-05-19T21:27:55+02:00<\/span><h2 class=\"entry-title\"><a href=\"#\">DocMorris Gutschein im April 2026<\/a><\/h2><\/div><\/article><\/section><\/div><\/div><\/div><\/div><\/div><div class=\"fusion-fullwidth fullwidth-box fusion-builder-row-2 fusion-flex-container has-pattern-background has-mask-background nonhundred-percent-fullwidth non-hundred-percent-height-scrolling\" style=\"--awb-border-radius-top-left:0px;--awb-border-radius-top-right:0px;--awb-border-radius-bottom-right:0px;--awb-border-radius-bottom-left:0px;--awb-flex-wrap:wrap;\" ><div class=\"fusion-builder-row fusion-row fusion-flex-align-items-flex-start fusion-flex-content-wrap\" style=\"max-width:1248px;margin-left: calc(-4% \/ 2 );margin-right: calc(-4% \/ 2 );\"><div class=\"fusion-layout-column fusion_builder_column fusion-builder-column-1 fusion_builder_column_1_1 1_1 fusion-flex-column\" style=\"--awb-bg-size:cover;--awb-width-large:100%;--awb-margin-top-large:0px;--awb-spacing-right-large:1.92%;--awb-margin-bottom-large:20px;--awb-spacing-left-large:1.92%;--awb-width-medium:100%;--awb-order-medium:0;--awb-spacing-right-medium:1.92%;--awb-spacing-left-medium:1.92%;--awb-width-small:100%;--awb-order-small:0;--awb-spacing-right-small:1.92%;--awb-spacing-left-small:1.92%;\"><div class=\"fusion-column-wrapper fusion-column-has-shadow fusion-flex-justify-content-flex-start fusion-content-layout-column\"><div class=\"fusion-title title fusion-title-2 fusion-sep-none fusion-title-text fusion-title-size-one\"><h1 class=\"fusion-title-heading title-heading-left fusion-responsive-typography-calculated\" style=\"margin:0;--fontSize:24;line-height:1.2;\"><h3>Was ist eigentlich&#8230;<\/h3>\n<p>Informationen zu Krankheitsbildern, Symptomen, <strong>Behandlungsmethoden<\/strong>, alternativer Medizin und <strong>Therapien<\/strong> findest du im Abschnitt &#8222;Was ist eigentlich &#8230;&#8220; auf APOTHEKEN COUPONS.<\/p><\/h1><\/div><div class=\"fusion-recent-posts fusion-recent-posts-2 avada-container layout-default layout-columns-4\"><section class=\"fusion-columns columns fusion-columns-4 columns-4\"><article class=\"post fusion-column column col col-lg-3 col-md-3 col-sm-3\"><div class=\"recent-posts-content\"><span class=\"vcard\" style=\"display: none;\"><span class=\"fn\"><a href=\"https:\/\/apotheken-coupons.de\/de\/author\/apothekenscout\/\" title=\"Beitr\u00e4ge von Apotheken Scout\" rel=\"author\">Apotheken Scout<\/a><\/span><\/span><span class=\"updated\" style=\"display:none;\">2023-05-19T20:26:15+02:00<\/span><h3 class=\"entry-title\"><a href=\"#\">Was ist TCM oder traditionelle Chinesische Medizin?<\/a><\/h3><p class=\"meta\"><span class=\"vcard\" style=\"display: none;\"><span class=\"fn\"><a href=\"https:\/\/apotheken-coupons.de\/de\/author\/apothekenscout\/\" title=\"Beitr\u00e4ge von Apotheken Scout\" rel=\"author\">Apotheken Scout<\/a><\/span><\/span><span class=\"updated\" style=\"display:none;\">2023-05-19T20:26:15+02:00<\/span><span>19. Mai 2023<\/span><span class=\"fusion-inline-sep\">|<\/span><span class=\"fusion-comments\"><a href=\"#\">0 Comment(s)<\/a><\/span><\/p><p>Die Traditionelle Chinesische Medizin (TCM) galt in Ostasien und insbesondere in China \u00fcber Jahrtausende als das alleinige, vollst\u00e4ndige Medizinsystem. Ihr Ordnungssystem ist nach den philosophischen Grundlagen der beiden Aspekte Yin und Yang und der Theorie [...]<\/p><\/div><\/article><article class=\"post fusion-column column col col-lg-3 col-md-3 col-sm-3\"><div class=\"recent-posts-content\"><span class=\"vcard\" style=\"display: none;\"><span class=\"fn\"><a href=\"https:\/\/apotheken-coupons.de\/de\/author\/apothekenscout\/\" title=\"Beitr\u00e4ge von Apotheken Scout\" rel=\"author\">Apotheken Scout<\/a><\/span><\/span><span class=\"updated\" style=\"display:none;\">2023-05-19T20:23:37+02:00<\/span><h3 class=\"entry-title\"><a href=\"#\">Was ist Schuppenflechte?<\/a><\/h3><p class=\"meta\"><span class=\"vcard\" style=\"display: none;\"><span class=\"fn\"><a href=\"https:\/\/apotheken-coupons.de\/de\/author\/apothekenscout\/\" title=\"Beitr\u00e4ge von Apotheken Scout\" rel=\"author\">Apotheken Scout<\/a><\/span><\/span><span class=\"updated\" style=\"display:none;\">2023-05-19T20:23:37+02:00<\/span><span>19. Mai 2023<\/span><span class=\"fusion-inline-sep\">|<\/span><span class=\"fusion-comments\"><a href=\"#\">0 Comment(s)<\/a><\/span><\/p><p>Die Schuppenflechte oder auch Psoriasis genannt, geh\u00f6rt in Europa zu den h\u00e4ufigsten Hauterkrankungen. In Deutschland leiden rund zwei Millionen Menschen an dieser chronisch-entz\u00fcndlichen Autoimmunerkrankung, die zwar nicht ansteckend ist, daf\u00fcr aber als nicht heilbar gilt. [...]<\/p><\/div><\/article><article class=\"post fusion-column column col col-lg-3 col-md-3 col-sm-3\"><div class=\"recent-posts-content\"><span class=\"vcard\" style=\"display: none;\"><span class=\"fn\"><a href=\"https:\/\/apotheken-coupons.de\/de\/author\/apothekenscout\/\" title=\"Beitr\u00e4ge von Apotheken Scout\" rel=\"author\">Apotheken Scout<\/a><\/span><\/span><span class=\"updated\" style=\"display:none;\">2023-05-19T20:22:42+02:00<\/span><h3 class=\"entry-title\"><a href=\"#\">Was ist Propolis?<\/a><\/h3><p class=\"meta\"><span class=\"vcard\" style=\"display: none;\"><span class=\"fn\"><a href=\"https:\/\/apotheken-coupons.de\/de\/author\/apothekenscout\/\" title=\"Beitr\u00e4ge von Apotheken Scout\" rel=\"author\">Apotheken Scout<\/a><\/span><\/span><span class=\"updated\" style=\"display:none;\">2023-05-19T20:22:42+02:00<\/span><span>19. Mai 2023<\/span><span class=\"fusion-inline-sep\">|<\/span><span class=\"fusion-comments\"><a href=\"#\">0 Comment(s)<\/a><\/span><\/p><p><\/p><p>    Als Propolis wird das, gummiartige, balsamische Harz bezeichnet, das von Bienenv\u00f6lkern produziert wird, um ihren Stock abzudichten. Sie sammeln es von den B\u00e4umen und vermischen es mit eigenen Dr\u00fcsens\u00e4ften. Als Abdichtungsmaterial [...]<\/p><\/div><\/article><article class=\"post fusion-column column col col-lg-3 col-md-3 col-sm-3\"><div class=\"recent-posts-content\"><span class=\"vcard\" style=\"display: none;\"><span class=\"fn\"><a href=\"https:\/\/apotheken-coupons.de\/de\/author\/apothekenscout\/\" title=\"Beitr\u00e4ge von Apotheken Scout\" rel=\"author\">Apotheken Scout<\/a><\/span><\/span><span class=\"updated\" style=\"display:none;\">2023-05-19T20:20:58+02:00<\/span><h3 class=\"entry-title\"><a href=\"#\">Was ist Migr\u00e4ne?<\/a><\/h3><p class=\"meta\"><span class=\"vcard\" style=\"display: none;\"><span class=\"fn\"><a href=\"https:\/\/apotheken-coupons.de\/de\/author\/apothekenscout\/\" title=\"Beitr\u00e4ge von Apotheken Scout\" rel=\"author\">Apotheken Scout<\/a><\/span><\/span><span class=\"updated\" style=\"display:none;\">2023-05-19T20:20:58+02:00<\/span><span>19. Mai 2023<\/span><span class=\"fusion-inline-sep\">|<\/span><span class=\"fusion-comments\"><a href=\"#\">0 Comment(s)<\/a><\/span><\/p><p>Migr\u00e4ne ist die h\u00e4ufigste Nervenerkrankung weltweit, \u00fcber 10 Millionen Menschen in Deutschland leiden darunter. Frauen trifft Migr\u00e4ne dabei h\u00e4ufiger als M\u00e4nner. Die wichtigsten Symptome sind starke Kopfschmerzen, die attackenartig, pulsierend oder pochend, stechend und einseitig [...]<\/p><\/div><\/article><\/section><\/div><\/div><\/div><\/div><\/div><\/p>\n","protected":false},"excerpt":{"rendered":"","protected":false},"author":3,"featured_media":0,"parent":0,"menu_order":0,"comment_status":"closed","ping_status":"closed","template":"100-width.php","meta":{"_seopress_robots_primary_cat":"","_seopress_titles_title":"Online Apotheke Gutscheine %%currentmonth%% %%currentyear%% %%sep%% %%sitetitle%%","_seopress_titles_desc":"Gutscheine im %%currentmonth%% %%currentyear%% f\u00fcr Versandapotheken, Tierapotheken, Optiker &amp; Medikamente.","_seopress_robots_index":"","footnotes":""},"class_list":["post-23","page","type-page","status-publish"],"_links":{"self":[{"href":"https:\/\/apotheken-coupons.de\/de\/wp-json\/wp\/v2\/pages\/23","targetHints":{"allow":["GET"]}}],"collection":[{"href":"https:\/\/apotheken-coupons.de\/de\/wp-json\/wp\/v2\/pages"}],"about":[{"href":"https:\/\/apotheken-coupons.de\/de\/wp-json\/wp\/v2\/types\/page"}],"author":[{"embeddable":true,"href":"https:\/\/apotheken-coupons.de\/de\/wp-json\/wp\/v2\/users\/3"}],"replies":[{"embeddable":true,"href":"https:\/\/apotheken-coupons.de\/de\/wp-json\/wp\/v2\/comments?post=23"}],"version-history":[{"count":1,"href":"https:\/\/apotheken-coupons.de\/de\/wp-json\/wp\/v2\/pages\/23\/revisions"}],"predecessor-version":[{"id":1748,"href":"https:\/\/apotheken-coupons.de\/de\/wp-json\/wp\/v2\/pages\/23\/revisions\/1748"}],"wp:attachment":[{"href":"https:\/\/apotheken-coupons.de\/de\/wp-json\/wp\/v2\/media?parent=23"}],"curies":[{"name":"wp","href":"https:\/\/api.w.org\/{rel}","templated":true}]}}